{"id":49915,"date":"2026-01-15T14:17:35","date_gmt":"2026-01-15T13:17:35","guid":{"rendered":"https:\/\/necessities.info\/?page_id=49915"},"modified":"2026-02-13T08:59:56","modified_gmt":"2026-02-13T07:59:56","slug":"rotter-drommar-och-vardagsmagi","status":"publish","type":"page","link":"https:\/\/necessities.info\/index.php\/rotter-drommar-och-vardagsmagi\/","title":{"rendered":"Om oss"},"content":{"rendered":"\n<p>Att leva h\u00e4r p\u00e5 Krakelg\u00e5rden \u00e4r att leva mitt i en ber\u00e4ttelse. Som hobbyfotograf och bloggare s\u00f6ker jag alltid efter de d\u00e4r sm\u00e5, magiska \u00f6gonblicken som g\u00f6r vardagen rik och levande. N\u00e4r jag inte smyger runt med kameran eller anteckningsblocket, finns jag hemma \u2013 ett hem som egentligen \u00e4r tv\u00e5 gamla g\u00e5rdar som genom \u00e5ren vuxit samman till en plats fylld av historia, kreativitet och f\u00f6r\u00e4ndring.<\/p>\n\n\n\n<center><table border=\"0\">\n<tbody>\n<tr>\n<td><a title=\"Honungsros\" href=\"https:\/\/www.flickr.com\/photos\/krakel\/48127347938\/in\/album-72157600220932645\" data-flickr-embed=\"true\" rel=\"noopener\"><img decoding=\"async\" src=\"https:\/\/live.staticflickr.com\/65535\/48127347938_45ea8f93dc_w.jpg\" alt=\"Honungsros\" width=\"225\" height=\"400\" \/><\/a><\/td>\n<td><a title=\"Spegling\" href=\"https:\/\/www.flickr.com\/photos\/krakel\/50047051603\/in\/album-72157600220932645\" data-flickr-embed=\"true\" rel=\"noopener\"><img decoding=\"async\" src=\"https:\/\/live.staticflickr.com\/65535\/50047051603_8511912b18_w.jpg\" alt=\"Spegling\" width=\"244\" height=\"400\" \/><\/a><\/td>\n<td><a title=\"Rensar ogr&auml;s\" href=\"https:\/\/www.flickr.com\/photos\/krakel\/5869622608\/in\/album-72157600220932645\" data-flickr-embed=\"true\" rel=\"noopener\"><img decoding=\"async\" src=\"https:\/\/live.staticflickr.com\/5075\/5869622608_717531d2db_w.jpg\" alt=\"Rensar ogr&auml;s\" width=\"267\" height=\"400\" \/><\/a><\/td>\n<\/tr>\n<\/tbody>\n<\/table><\/center>\n\n\n\n<h2 class=\"wp-block-heading\">Ett hem med r\u00f6tter och ber\u00e4ttelser<\/h2>\n\n\n\n<p>Varje byggnad b\u00e4r p\u00e5 sin egen sj\u00e4l. Kokhuset, som en g\u00e5ng delades av b\u00e5da g\u00e5rdarna f\u00f6r v\u00e4rme och senare som brygghus, har idag blivit bostad \u00e5t v\u00e5r yngste son. Den \u00e4ldste bor p\u00e5 den kringbyggda g\u00e5rden, som en g\u00e5ng var ett soldattorp. D\u00e4r har det gamla stallet f\u00f6rvandlats till snickarbod, hobbyrum och verkstad \u2013 en plats d\u00e4r id\u00e9er f\u00e5r ta form och d\u00e4r b\u00e5de sm\u00e5 och stora projekt v\u00e4xer fram.<\/p>\n\n\n\n<p>V\u00e5ra g\u00e5rdar har r\u00f6tter som str\u00e4cker sig tillbaka till 1850-talet, och rotk\u00e4llaren \u00e4r \u00e4nnu \u00e4ldre \u2013 byggd n\u00e5gon g\u00e5ng i slutet av 1600-talet. Sj\u00e4lv bor jag i det st\u00f6rsta huset, d\u00e4r en stor ladug\u00e5rd en g\u00e5ng stod. Efter en brand byggde vi en damm p\u00e5 den platsen, och idag speglar den b\u00e5de himlen och v\u00e5ra dr\u00f6mmar.<\/p>\n\n\n\n<h2 class=\"wp-block-heading\">Historia om H\u00f6gen g\u00e5rdarna<\/h2>\n\n\n\n<figure class=\"wp-block-image size-large\"><img decoding=\"async\" width=\"1024\" height=\"766\" src=\"https:\/\/necessities.info\/wp-content\/uploads\/2026\/01\/A4033-1024x766.jpg\" alt=\"\" class=\"wp-image-49921\" srcset=\"https:\/\/necessities.info\/wp-content\/uploads\/2026\/01\/A4033-1024x766.jpg 1024w, https:\/\/necessities.info\/wp-content\/uploads\/2026\/01\/A4033-300x225.jpg 300w, https:\/\/necessities.info\/wp-content\/uploads\/2026\/01\/A4033-768x575.jpg 768w, https:\/\/necessities.info\/wp-content\/uploads\/2026\/01\/A4033.jpg 1200w\" sizes=\"(max-width: 1024px) 100vw, 1024px\" \/><\/figure>\n\n\n\n<p><\/p>\n\n\n\n<p>P\u00e5 ett kr\u00f6n ligger de tv\u00e5 H\u00f6gen g\u00e5rdarna. En av dessa \u00e4r en av kommunens bevarade kringbyggda g\u00e5rdar, en typ som utvecklades under 1800-talet. Runt g\u00e5rdarna finns sp\u00e5r av \u00e4ldre tiders jordbruk, med stenmurar, \u00e5krar och betesmarker samt delar av den gamla kyrkv\u00e4gen.<\/p>\n\n\n\n<p>I den ena av H\u00f6gen g\u00e5rdarna \u00e4r den slutna g\u00e5rds formen fortfarande bevarad. H\u00e4r ligger ocks\u00e5 ett av socknens \u00e4ldsta man g\u00e5rdshus, med delvis bevarade utskjutande knutar. Byggnaden finns med p\u00e5 en karta fr\u00e5n 1812, men delar an huset \u00e4r troligen \u00e4ldre \u00e4n s\u00e5. Det ursprungliga huset kan ha varit en timrad fram kammar stuga , som sedan byggts till i omg\u00e5ngar. Dess ena gavel \u00e4r sammanbyggd med ladug\u00e5rden, och p\u00e5 s\u00e5 s\u00e4tt skapas en n\u00e4stan helt kringbyggd g\u00e5rdsplan. Ladug\u00e5rdens f\u00e4 hus del \u00e4r uppf\u00f6rd i knut timmer, medan \u00f6vriga delar byggts med reglar och plank. p\u00e5 ena sidan finns ett portlider, som leder in till en stensatt g\u00e5rdsplan.<\/p>\n\n\n\n<p>P\u00e5 tomten finns ocks\u00e5 en \u00e4ldre sten trappa som leder ner till ett i marken utgr\u00e4vt utrymme. Rummet t\u00e4cks av en stor h\u00e4ll och har troligen fungerat som k\u00e4llare. Runt g\u00e5rden finns dock en del sp\u00e5r fr\u00e5n \u00e4ldre tider , i form av terrasseringar och breda sten murar. L\u00e4ngs med upp farts v\u00e4gen ligger ett \u00e4ldre ombyggt uthus.<\/p>\n\n\n\n<p>Stora G\u00e5rden innan Ladan brann ner. Den stora g\u00e5rden h\u00e4rjades av en brand under v\u00e5ren 1999 , d\u00e5 ladug\u00e5rden brann ned , och g\u00e5rds strukturen \u00e4r d\u00e4rf\u00f6r uppl\u00f6st.<\/p>\n\n\n<div class=\"wp-block-image\">\n<figure class=\"aligncenter size-full\"><img decoding=\"async\" width=\"400\" height=\"479\" src=\"https:\/\/necessities.info\/wp-content\/uploads\/2011\/03\/brand.jpg\" alt=\"\" class=\"wp-image-38235\" srcset=\"https:\/\/necessities.info\/wp-content\/uploads\/2011\/03\/brand.jpg 400w, https:\/\/necessities.info\/wp-content\/uploads\/2011\/03\/brand-251x300.jpg 251w\" sizes=\"(max-width: 400px) 100vw, 400px\" \/><\/figure>\n<\/div>\n\n\n<p><\/p>\n\n\n\n<h2 class=\"wp-block-heading\">Ett liv i st\u00e4ndig r\u00f6relse<\/h2>\n\n\n\n<p>Att bo h\u00e4r \u00e4r att vara en del av ett l\u00e5ngsamt, vackert f\u00f6rvandlingsarbete. Husen, g\u00e5rdarna och omgivningarna f\u00f6r\u00e4ndras med \u00e5rstiderna, och varje skifte b\u00e4r med sig ny inspiration. Mitt hem \u00e4r ett evigt renoveringsprojekt \u2013 ibland kaotiskt, ofta charmigt, alltid levande.<\/p>\n\n\n\n<p>H\u00e4r f\u00e5r min passion f\u00f6r natur, fotografering och hantverk blomma varje dag. Jag dokumenterar, skapar, bygger, dr\u00f6mmer och forts\u00e4tter forma den plats som betyder mest f\u00f6r mig.<\/p>\n\n\n\n<center><table border=\"0\">\n<tbody>\n<tr>\n<td><a title=\"Drivb&auml;nk\" href=\"https:\/\/www.flickr.com\/photos\/krakel\/53057736763\/in\/album-72177720309879117\" data-flickr-embed=\"true\" rel=\"noopener\"><img decoding=\"async\" src=\"https:\/\/live.staticflickr.com\/65535\/53057736763_aaf5576bda_w.jpg\" alt=\"Drivb&auml;nk\" width=\"400\" height=\"276\" \/><\/a><\/td>\n<td><a title=\"Ridtur\" href=\"https:\/\/www.flickr.com\/photos\/krakel\/53054854454\/in\/album-72177720309879117\/\" data-flickr-embed=\"true\" rel=\"noopener\"><img decoding=\"async\" src=\"https:\/\/live.staticflickr.com\/65535\/53054854454_f307f3472c_w.jpg\" alt=\"Ridtur\" width=\"400\" height=\"266\" \/><\/a><\/td>\n<\/tr>\n<\/tbody>\n<\/table><\/center>\n\n\n\n<h2 class=\"wp-block-heading\">V\u00e4lkommen att f\u00f6lja med<\/h2>\n\n\n\n<p>P\u00e5 bloggen delar jag glimtar fr\u00e5n livet h\u00e4r: vardag, renovering, natur, kreativitet och allt det d\u00e4r som g\u00f6r livet p\u00e5 tv\u00e5 g\u00e5rdar s\u00e5 speciellt. Jag hoppas att du vill f\u00f6lja med p\u00e5 resan.<\/p>\n\n\n\n<center><table border=\"0\">\n<tbody>\n<tr>\n<td><a title=\"Claes-Olof 2011\" href=\"https:\/\/www.flickr.com\/photos\/krakel\/53052197868\/in\/album-72177720309891878\" data-flickr-embed=\"true\" rel=\"noopener\"><img decoding=\"async\" src=\"https:\/\/live.staticflickr.com\/65535\/53052197868_62fd6b6104_w.jpg\" alt=\"Claes-Olof 2011\" width=\"400\" height=\"267\" \/><\/a><\/td>\n<td><a title=\"IMG_2488 kopiera\" href=\"https:\/\/www.flickr.com\/photos\/krakel\/53057258166\/in\/album-72177720309891878\" data-flickr-embed=\"true\" rel=\"noopener\"><img decoding=\"async\" src=\"https:\/\/live.staticflickr.com\/65535\/53057258166_e873806782_w.jpg\" alt=\"IMG_2488 kopiera\" width=\"400\" height=\"266\" \/><\/a><\/td>\n<\/tr>\n<\/tbody>\n<\/table><\/center>\n\n\n\n<hr class=\"wp-block-separator has-alpha-channel-opacity\"\/>\n\n\n\n<p><\/p>\n","protected":false},"excerpt":{"rendered":"<p>Att leva h\u00e4r p\u00e5 Krakelg\u00e5rden \u00e4r att leva mitt i en ber\u00e4ttelse. Som hobbyfotograf och bloggare s\u00f6ker jag alltid efter de d\u00e4r sm\u00e5, magiska \u00f6gonblicken som g\u00f6r vardagen rik och levande. N\u00e4r jag inte smyger runt med kameran eller anteckningsblocket, finns jag hemma \u2013 ett hem som egentligen \u00e4r tv\u00e5 gamla g\u00e5rdar som genom \u00e5ren &#8230; <\/p>\n<p class=\"read-more-container\"><a title=\"Om oss\" class=\"read-more button\" href=\"https:\/\/necessities.info\/index.php\/rotter-drommar-och-vardagsmagi\/\" aria-label=\"L\u00e4s mer om Om oss\">\u2665 L\u00e4s mer \u2665 <\/a><\/p>\n","protected":false},"author":1,"featured_media":0,"parent":0,"menu_order":0,"comment_status":"closed","ping_status":"closed","template":"","meta":{"advgb_blocks_editor_width":"","advgb_blocks_columns_visual_guide":"","footnotes":""},"class_list":["post-49915","page","type-page","status-publish"],"coauthors":[],"author_meta":{"author_link":"https:\/\/necessities.info\/author\/ingalill\/","display_name":"Ingalill"},"relative_dates":{"created":"Publicerad 3 m\u00e5nader sedan","modified":"Uppdaterad 2 m\u00e5nader sedan"},"absolute_dates":{"created":"Publicerat den 15 januari 2026","modified":"Uppdaterad den 13 februari 2026"},"absolute_dates_time":{"created":"Publicerat den 15 januari 2026 14:17","modified":"Uppdaterad den 13 februari 2026 08:59"},"featured_img_caption":"","featured_img":false,"series_order":"","jetpack_likes_enabled":true,"_links":{"self":[{"href":"https:\/\/necessities.info\/index.php\/wp-json\/wp\/v2\/pages\/49915","targetHints":{"allow":["GET"]}}],"collection":[{"href":"https:\/\/necessities.info\/index.php\/wp-json\/wp\/v2\/pages"}],"about":[{"href":"https:\/\/necessities.info\/index.php\/wp-json\/wp\/v2\/types\/page"}],"author":[{"embeddable":true,"href":"https:\/\/necessities.info\/index.php\/wp-json\/wp\/v2\/users\/1"}],"replies":[{"embeddable":true,"href":"https:\/\/necessities.info\/index.php\/wp-json\/wp\/v2\/comments?post=49915"}],"version-history":[{"count":12,"href":"https:\/\/necessities.info\/index.php\/wp-json\/wp\/v2\/pages\/49915\/revisions"}],"predecessor-version":[{"id":54392,"href":"https:\/\/necessities.info\/index.php\/wp-json\/wp\/v2\/pages\/49915\/revisions\/54392"}],"wp:attachment":[{"href":"https:\/\/necessities.info\/index.php\/wp-json\/wp\/v2\/media?parent=49915"}],"curies":[{"name":"wp","href":"https:\/\/api.w.org\/{rel}","templated":true}]}}